{"id":1493,"date":"2026-03-09T21:47:15","date_gmt":"2026-03-09T21:47:15","guid":{"rendered":"https:\/\/vrijevleugels.nl\/?post_type=product&#038;p=1493"},"modified":"2026-03-10T10:13:41","modified_gmt":"2026-03-10T10:13:41","slug":"denkbeelden-puzzel","status":"publish","type":"product","link":"https:\/\/vrijevleugels.nl\/?product=denkbeelden-puzzel","title":{"rendered":"Denkbeelden ~ Puzzel"},"content":{"rendered":"<h2 class=\"wp-block-heading\">De puzzel<\/h2>\n<p><strong>DENKBEELDEN<\/strong>\u00a0is geen quiz en geen kennisspel. Het is een\u00a0<strong>filosofische puzzel<\/strong>.<\/p>\n<p>Je ziet \u00e9\u00e9n filosoof en een reeks losse denkbeelden. Kies\u00a0<strong>vier<\/strong>\u00a0denkbeelden die volgens jou \u00e9cht bij deze filosoof horen.<\/p>\n<p>De puzzel wordt gecontroleerd. Je krijgt \u00e9\u00e9n vorm van feedback:\u00a0<strong>\u201cx van de 4 klopt.\u201d<\/strong>\u00a0Je ziet niet welke. Alleen hoeveel. Niet allen goed? Lees opnieuw. Kijk scherper. Probeer opnieuw.<\/p>\n<p>DENKBEELDEN beloont aandacht, gevoel voor toon en het herkennen van denkbewegingen \u2014 niet feitenkennis.<\/p>\n","protected":false},"excerpt":{"rendered":"<p>De puzzel DENKBEELDEN\u00a0is geen quiz en geen kennisspel. Het is een\u00a0filosofische puzzel. Je ziet \u00e9\u00e9n filosoof en een reeks losse denkbeelden. Kies\u00a0vier\u00a0denkbeelden die volgens jou \u00e9cht bij deze filosoof horen. De puzzel wordt gecontroleerd. Je krijgt \u00e9\u00e9n vorm van feedback:\u00a0\u201cx van de 4 klopt.\u201d\u00a0Je ziet niet welke. Alleen hoeveel. Niet allen goed? Lees opnieuw. Kijk&#8230;<\/p>\n","protected":false},"featured_media":1234,"comment_status":"open","ping_status":"closed","template":"","meta":[],"product_brand":[],"product_cat":[27],"product_tag":[23],"class_list":{"0":"post-1493","1":"product","2":"type-product","3":"status-publish","4":"has-post-thumbnail","6":"product_cat-puzzels","7":"product_tag-digitale-puzzel","9":"first","10":"outofstock","11":"downloadable","12":"virtual","13":"purchasable","14":"product-type-simple"},"_links":{"self":[{"href":"https:\/\/vrijevleugels.nl\/index.php?rest_route=\/wp\/v2\/product\/1493","targetHints":{"allow":["GET"]}}],"collection":[{"href":"https:\/\/vrijevleugels.nl\/index.php?rest_route=\/wp\/v2\/product"}],"about":[{"href":"https:\/\/vrijevleugels.nl\/index.php?rest_route=\/wp\/v2\/types\/product"}],"replies":[{"embeddable":true,"href":"https:\/\/vrijevleugels.nl\/index.php?rest_route=%2Fwp%2Fv2%2Fcomments&post=1493"}],"wp:featuredmedia":[{"embeddable":true,"href":"https:\/\/vrijevleugels.nl\/index.php?rest_route=\/wp\/v2\/media\/1234"}],"wp:attachment":[{"href":"https:\/\/vrijevleugels.nl\/index.php?rest_route=%2Fwp%2Fv2%2Fmedia&parent=1493"}],"wp:term":[{"taxonomy":"product_brand","embeddable":true,"href":"https:\/\/vrijevleugels.nl\/index.php?rest_route=%2Fwp%2Fv2%2Fproduct_brand&post=1493"},{"taxonomy":"product_cat","embeddable":true,"href":"https:\/\/vrijevleugels.nl\/index.php?rest_route=%2Fwp%2Fv2%2Fproduct_cat&post=1493"},{"taxonomy":"product_tag","embeddable":true,"href":"https:\/\/vrijevleugels.nl\/index.php?rest_route=%2Fwp%2Fv2%2Fproduct_tag&post=1493"}],"curies":[{"name":"wp","href":"https:\/\/api.w.org\/{rel}","templated":true}]}}